{"id":639,"date":"2024-03-01T20:26:32","date_gmt":"2024-03-01T19:26:32","guid":{"rendered":"https:\/\/beta.investisseurprive.com\/?page_id=639"},"modified":"2024-03-01T20:26:32","modified_gmt":"2024-03-01T19:26:32","slug":"conditions-generales-de-services-cgs","status":"publish","type":"page","link":"https:\/\/www.investisseurprive.com\/en\/conditions-generales-de-services-cgs\/","title":{"rendered":"Conditions G\u00e9n\u00e9rales de Services (CGS)\u00a0"},"content":{"rendered":"<p><strong>En date du 14\/02\/2024<\/strong>&nbsp;<\/p>\n\n\n\n<figure class=\"wp-block-image size-full\"><img loading=\"lazy\" decoding=\"async\" width=\"77\" height=\"5\" src=\"https:\/\/beta.investisseurprive.com\/wp-content\/uploads\/2024\/03\/image.png\" alt=\"\" class=\"wp-image-640\" srcset=\"https:\/\/www.investisseurprive.com\/wp-content\/uploads\/2024\/03\/image.png 77w, https:\/\/www.investisseurprive.com\/wp-content\/uploads\/2024\/03\/image-18x1.png 18w\" sizes=\"auto, (max-width: 77px) 100vw, 77px\" \/><\/figure>\n\n\n\n<p>Le site Internet <a href=\"https:\/\/www.investisseurprive.com\/en\/\" target=\"_blank\" rel=\"noreferrer noopener\">www.investisseurprive.com<\/a> (ci-apr\u00e8s le \u00ab <strong>Site <\/strong>\u00bb) est \u00e9dit\u00e9 par la soci\u00e9t\u00e9 INVESTISSEURPRIVE.COM (ci-apr\u00e8s&nbsp;<\/p>\n\n\n\n<p>\u00ab <strong>IP.COM <\/strong>\u00bb).&nbsp;<\/p>\n\n\n\n<ol class=\"wp-block-list\" start=\"1\">\n<li><strong>Informations relatives \u00e0 IP.COM<\/strong>&nbsp;<\/li>\n<\/ol>\n\n\n\n<p>INVESTISSEURPRIVE.COM, soci\u00e9t\u00e9 par actions simplifi\u00e9e au capital de 2 016 180 euros, dont le si\u00e8ge social est situ\u00e9 15 rue de la Banque &#8211; 75002 Paris, est enregistr\u00e9e au Registre du Commerce et des Soci\u00e9t\u00e9s de Paris sous le num\u00e9ro 815 096 094 (SIRET 815 096 094 00017 et num\u00e9ro de TVA intracommunautaire FR 815096094).&nbsp;<\/p>\n\n\n\n<p>Email de contact : <a href=\"mailto:investisseur@investisseurprive.com\" target=\"_blank\" rel=\"noreferrer noopener\">investisseur@investisseurprive.com&nbsp;<\/a> Tel : +33 (0)1 80 49 54 35 (appel non surtax\u00e9)&nbsp;<\/p>\n\n\n\n<p>INVESTISSEURPRIVE.COM est une soci\u00e9t\u00e9 de Conseil en Gestion de Patrimoine (CGP)) habilit\u00e9e en qualit\u00e9 de Conseiller en Investissements Financiers (CIF) et en tant que Courtier d&rsquo;assurance ou de r\u00e9assurance (COA), enregistr\u00e9e aupr\u00e8s de l\u2019ORIAS (Registre des Interm\u00e9diaires en Assurance, Banque et Finance) sous le n\u00b016 004 864 (site Internet : <a href=\"http:\/\/www.orias.fr\/\" target=\"_blank\" rel=\"noreferrer noopener\">www.orias.fr<\/a>&nbsp;<\/p>\n\n\n\n<p>IP.COM est en outre membre de l\u2019association professionnelle CNCEF Patrimoine.&nbsp;&nbsp;<\/p>\n\n\n\n<p>INVESTISSEURPRIVE.COM a souscrit une assurance Responsabilit\u00e9 Civile Professionnelle et Garanties Financi\u00e8res, conform\u00e9ment aux conditions pr\u00e9vues par le code des CGPI (police souscrite aupr\u00e8s de MMA IARD Assurances Mutuelles \/ MMA IARD n\u00b0230181).&nbsp;<\/p>\n\n\n\n<p>Le directeur de la publication du Site et responsable du Site est Monsieur Nicolas Cagi Nicolau.&nbsp;<\/p>\n\n\n\n<ol class=\"wp-block-list\" start=\"2\">\n<li><strong>Objet, disponibilit\u00e9 et opposabilit\u00e9 des CGS<\/strong>&nbsp;<\/li>\n<\/ol>\n\n\n\n<p>Les pr\u00e9sentes conditions g\u00e9n\u00e9rales de services (ci-apr\u00e8s les \u00ab <strong>CGS <\/strong>\u00bb), comme les conditions g\u00e9n\u00e9rales d\u2019utilisation du Site (ci-apr\u00e8s les \u00ab <strong>CGU <\/strong>\u00bb) sont disponibles sur le Site en pied de page (footer) de la Home page o\u00f9 elles sont librement consultables.&nbsp;<\/p>\n\n\n\n<p>Il est rappel\u00e9 que les CGU sont opposables aux utilisateurs du Site (ci-apr\u00e8s les \u00ab <strong>Utilisateurs <\/strong>\u00bb) qui cr\u00e9ent un compte sur le Site et deviennent ainsi membres du Site (ci-apr\u00e8s les \u00ab <strong>Membres <\/strong>\u00bb) et qui reconnaissent, en cochant la case pr\u00e9vue \u00e0 cet effet, en avoir eu connaissance et les avoir accept\u00e9es avant de cr\u00e9er leur compte (ci-apr\u00e8s le \u00ab <strong>Compte Membre <\/strong>\u00bb).&nbsp;<\/p>\n\n\n\n<p>Les CGS r\u00e9gissent l\u2019ensemble des services IP.COM de conseil en investissement, de courtage d\u2019assurance-vie et de mise en relation avec les partenaires d\u2019IP.COM pour la fourniture de services de r\u00e9ception, transmission et ex\u00e9cution d\u2019ordres portant sur des instruments financiers&nbsp;&nbsp;<\/p>\n\n\n\n<p>Les Membres du Site peuvent souscrire \u00e0 des produits d\u2019investissement ou services financiers avec les partenaires d\u2019IP.COM via le Site, sur conseil pr\u00e9alable d\u2019IP.COM, et devenir ainsi clients d\u2019IP.COM (ci-apr\u00e8s le \u00ab <strong>Client <\/strong>\u00bb ou les \u00ab <strong>Clients <\/strong>\u00bb).&nbsp;<\/p>\n\n\n\n<p>Le Client reconnait pr\u00e9alablement, en cochant la case pr\u00e9vue \u00e0 cet effet, avoir eu connaissance des pr\u00e9sentes CGS et les avoir accept\u00e9es, ce qui les lui rend juridiquement opposables.&nbsp;<\/p>\n\n\n\n<p>IP.COM assure la conservation et la reproduction des CGS en vigueur \u00e0 la date de leur acceptation par le Client. Le Client peut \u00e9galement en imprimer une version papier.&nbsp;<\/p>","protected":false},"excerpt":{"rendered":"<p>En date du 14\/02\/2024&nbsp; Le site Internet www.investisseurprive.com (ci-apr\u00e8s le \u00ab Site \u00bb) est \u00e9dit\u00e9 par la soci\u00e9t\u00e9 INVESTISSEURPRIVE.COM (ci-apr\u00e8s&nbsp; \u00ab IP.COM \u00bb).&nbsp; INVESTISSEURPRIVE.COM, soci\u00e9t\u00e9 par actions simplifi\u00e9e au capital de 2 016 180 euros, dont le si\u00e8ge social est situ\u00e9 15 rue de la Banque &#8211; 75002 Paris, est enregistr\u00e9e au Registre du Commerce [&hellip;]<\/p>","protected":false},"author":2,"featured_media":0,"parent":0,"menu_order":0,"comment_status":"closed","ping_status":"closed","template":"","meta":{"footnotes":""},"class_list":["post-639","page","type-page","status-publish","hentry"],"acf":[],"_links":{"self":[{"href":"https:\/\/www.investisseurprive.com\/en\/wp-json\/wp\/v2\/pages\/639","targetHints":{"allow":["GET"]}}],"collection":[{"href":"https:\/\/www.investisseurprive.com\/en\/wp-json\/wp\/v2\/pages"}],"about":[{"href":"https:\/\/www.investisseurprive.com\/en\/wp-json\/wp\/v2\/types\/page"}],"author":[{"embeddable":true,"href":"https:\/\/www.investisseurprive.com\/en\/wp-json\/wp\/v2\/users\/2"}],"replies":[{"embeddable":true,"href":"https:\/\/www.investisseurprive.com\/en\/wp-json\/wp\/v2\/comments?post=639"}],"version-history":[{"count":0,"href":"https:\/\/www.investisseurprive.com\/en\/wp-json\/wp\/v2\/pages\/639\/revisions"}],"wp:attachment":[{"href":"https:\/\/www.investisseurprive.com\/en\/wp-json\/wp\/v2\/media?parent=639"}],"curies":[{"name":"wp","href":"https:\/\/api.w.org\/{rel}","templated":true}]}}