{"id":529,"date":"2024-01-09T10:56:04","date_gmt":"2024-01-09T09:56:04","guid":{"rendered":"https:\/\/beta.investisseurprive.com\/?page_id=529"},"modified":"2024-03-14T09:28:24","modified_gmt":"2024-03-14T08:28:24","slug":"notre-expertise","status":"publish","type":"page","link":"https:\/\/www.investisseurprive.com\/en\/notre-expertise\/","title":{"rendered":"Our expertise"},"content":{"rendered":"<section id=\"about-layout-block_8c50e99858e1a562897aa44d581c6fda\" class=\"about-layout alignfull\">\n    <div class=\"relative lg:pt-14\">\n    <div class=\"container mx-auto\">\n        <div class=\"flex flex-col items-center lg:flex-row\">\n            <div class=\"mb-16 text-center lg:text-left lg:mb-0\">\n                <h1 class=\"mb-5 text-clamp-display\">Une expertise <span class=\"font-extrabold\">\u00e0 votre service<\/span><\/h1>\n                <p class=\"text-lg text-dark-blue lg:w-[40ch]\">Quand il s\u2019agit de cr\u00e9er votre portefeuille d\u2019investissement, nous \u00e9tudions de pr\u00e8s les  <span class=\"font-extrabold\">quatre grandes classes d\u2019actif \u00e0 votre disposition : tr\u00e9sorerie, immobilier, financier et diversification.<\/span><br \/>\r\nEn fonction de votre situation personnelle et du contexte \u00e9conomique, nous adaptons nos recommandations pour  <span class=\"font-extrabold\">concevoir un placement unique au plus proche de vos besoins.<\/span><br \/>\r\n<\/p>\n                <a class=\"text-white bg-dark-blue font-bold px-[1.375rem] leading-normal py-3.5 inline-flex items-center gap-2.5 rounded-2xl\" href=\"https:\/\/www.investisseurprive.com\/en\/contact\/\">\n                    <span>Request a meeting<\/span>\n                    <svg width=\"21\" height=\"22\" viewbox=\"0 0 21 22\" fill=\"none\" xmlns=\"http:\/\/www.w3.org\/2000\/svg\">\n                        <g id=\"system-uicons:arrow-up\">\n                            <path id=\"Vector\" d=\"M13.5 15L17.5 11M17.5 11L13.5 6.971M17.5 11L4.5 11\" stroke=\"white\" stroke-linecap=\"round\" stroke-linejoin=\"round\" \/>\n                        <\/g>\n                    <\/svg>\n                <\/a>\n            <\/div>\n                            <div class=\"lg:ml-auto lg:-mr-16\">\n                    <img decoding=\"async\" class=\"w-full max-w-lg mx-auto lg:max-w-max\" src=\"https:\/\/www.investisseurprive.com\/wp-content\/uploads\/2024\/01\/conseil-accueil-1ok.jpg\" alt=\"\">\n                <\/div>\n                    <\/div>\n    <\/div>\n<\/div><div class=\"py-14 md:py-20\">\n    <div class=\"container mx-auto\">\n        <div class=\"flex flex-col-reverse items-center md:flex-row md:justify-between md:gap-12\">\n            <div class=\"md:basis-1\/2\">\n                <img decoding=\"async\" class=\"rounded-2xl\" src=\"https:\/\/www.investisseurprive.com\/wp-content\/uploads\/2024\/01\/iStock-1397011551-scaled.jpg\" alt=\"\">\n            <\/div>\n            <div class=\"md:w-1\/2\">\n                <div class=\"mb-3 text-xl font-bold leading-6 text-orange\"><\/div>\n                <h2 class=\"mb-5 text-4xl leading-tight leading-2xl lg:text-7xl\"><span class=\"font-bold\">Tr\u00e9sorerie<\/span><\/h2>\n                <p class=\"text-lg text-dark-blue md:!mb-0\">Vous constituez une \u00e9pargne de pr\u00e9caution est le pr\u00e9alable \u00e0 tout autre investissement. En ce sens, la tr\u00e9sorerie est <span class=\"font-bold\">le socle de toute architecture de placement.<\/span> En fonction de votre situation personnelle et du contexte \u00e9conomique, nous adaptons nos recommandations pour <span class=\"font-bold\">concevoir un placement unique au plus proche de vos besoins. <\/span><\/p>\n            <\/div>\n        <\/div>\n    <\/div>\n<\/div><div class=\"py-14 md:py-20\">\n    <div class=\"container mx-auto\">\n        <div class=\"flex flex-col items-center gap-8 md:gap-12 md:flex-row\">\n            <div class=\"md:basis-1\/2\">\n                <h3 class=\"mb-5 text-4xl leading-tight leading-2xl xl:text-7xl xl:w-[19ch]  font-bold\"><span class=\"text-yellow font-bold\">Immobilier<\/span><\/h3>\n                <p class=\"text-lg text-primary md:!mb-0 xl:w-[45ch]\">Id\u00e9al pour vous cr\u00e9er des revenus compl\u00e9mentaires, cette classe d\u2019actif de long terme est reconnue pour son <span class=\"font-bold\">couple rendement \/ risque particuli\u00e8rement attractif.<\/span><br \/>\r\nPour vous cr\u00e9er un portefeuille diversifi\u00e9, il est primordial de <span class=\"font-bold\">vous int\u00e9resser \u00e0 l\u2019ensemble des secteurs disponibles.<\/span> Au-del\u00e0 des traditionnels logements, bureaux et commerces se d\u00e9marquent la logistique, la sant\u00e9 et l\u2019h\u00f4tellerie. <br \/>\r\n<br \/>\r\n<br \/>\r\n<\/p>\n            <\/div>\n            <div class=\"md:basis-1\/2 xl:ml-auto\">\n                                    <img decoding=\"async\" class=\"rounded-2xl\" src=\"https:\/\/www.investisseurprive.com\/wp-content\/uploads\/2024\/01\/iStock-578830714-scaled.jpg\" alt=\"\">\n                            <\/div>\n        <\/div>\n    <\/div>\n<\/div><div class=\"py-14 md:py-20\">\n    <div class=\"container mx-auto\">\n        <div class=\"flex flex-col-reverse items-center gap-8 md:gap-12 md:flex-row\">\n            <div class=\"md:basis-1\/2\">\n                                    <img decoding=\"async\" class=\"rounded-2xl\" src=\"https:\/\/www.investisseurprive.com\/wp-content\/uploads\/2024\/01\/iStock-1059137040-scaled.jpg\" alt=\"\">\n                            <\/div>\n            <div class=\"md:basis-1\/2\">\n                <h3 class=\"mb-5 text-4xl leading-tight leading-2xl xl:text-7xl xl:w-[19ch]  font-bold\">Financier<\/h3>\n                <p class=\"text-lg text-primary md:!mb-0 xl:w-[45ch]\">Le financier est une <span class=\"font-bold\">classe d\u2019actif extr\u00eamement riche<\/span> : actions, obligations, gestion active, gestion passive, produits structur\u00e9s\u2026 Ses d\u00e9clinaisons sont nombreuses et permettent de r\u00e9pondre \u00e0 diff\u00e9rents objectifs.<br \/>\r\nInvestisseur Priv\u00e9 vous accompagne au quotidien dans ce champ des possibles pour vous aider \u00e0 y voir clair et <span class=\"font-bold\">composer ensemble un portefeuille conforme \u00e0 vos attentes.<\/span><br \/>\r\n<br \/>\r\n<br \/>\r\n<\/p>\n            <\/div>\n        <\/div>\n    <\/div>\n<\/div><div class=\"py-14 md:py-20\">\n    <div class=\"container mx-auto\">\n        <div class=\"flex flex-col items-center gap-8 md:gap-12 md:flex-row\">\n            <div class=\"md:basis-1\/2\">\n                <h3 class=\"mb-5 text-4xl leading-tight leading-2xl xl:text-7xl xl:w-[19ch]  font-bold\">Diversification<\/h3>\n                <p class=\"text-lg text-primary md:!mb-0 xl:w-[45ch]\"><span class=\"font-bold\">Peu corr\u00e9l\u00e9s \u00e0 la volatilit\u00e9 des march\u00e9s financiers,<\/span> les actifs de diversification constituent un compartiment additionnel pour votre architecture de placement. <br \/>\r\nLe capital-investissement, la dette priv\u00e9e et les infrastructures repr\u00e9sentent de <span class=\"font-bold\">belles opportunit\u00e9s \u00e0 int\u00e9grer \u00e0 votre portefeuille. <\/span><br \/>\r\nEn compl\u00e9ment, certains de ces investissements ouvrent droit \u00e0 une <span class=\"font-bold\">r\u00e9duction d\u2019imp\u00f4t cons\u00e9quente.<\/span><br \/>\r\n<\/p>\n            <\/div>\n            <div class=\"md:basis-1\/2 xl:ml-auto\">\n                                    <img decoding=\"async\" class=\"rounded-2xl\" src=\"https:\/\/www.investisseurprive.com\/wp-content\/uploads\/2024\/01\/iStock-1343881049-scaled.jpg\" alt=\"\">\n                            <\/div>\n        <\/div>\n    <\/div>\n<\/div><div class=\"py-14 md:py-20\">\n    <div class=\"container mx-auto\">\n        <div class=\"flex flex-col-reverse items-center gap-8 md:gap-12 md:flex-row\">\n            <div class=\"md:basis-1\/2\">\n                                    <img decoding=\"async\" class=\"rounded-2xl\" src=\"https:\/\/www.investisseurprive.com\/wp-content\/uploads\/2024\/01\/iStock-1362265062-scaled-e1707471591554.jpg\" alt=\"\">\n                            <\/div>\n            <div class=\"md:basis-1\/2\">\n                <h3 class=\"mb-5 text-4xl leading-tight leading-2xl xl:text-7xl xl:w-[19ch]  font-bold\">Votre portefeuille personnalis\u00e9<\/h3>\n                <p class=\"text-lg text-primary md:!mb-0 xl:w-[45ch]\">Chez Investisseur Priv\u00e9, nous constituons au quotidien <span class=\"font-bold\">des portefeuilles sur-mesure adapt\u00e9s aux besoins de nos clients.<\/span><br \/>\r\nCes portefeuilles sont issus de la rencontre entre <span class=\"font-bold\">votre situation personnelle, votre cahier des charges,<\/span> et notre <span class=\"font-bold\">analyse du contexte \u00e9conomique et des opportunit\u00e9s de placement du moment.<\/span><br \/>\r\n<\/p>\n            <\/div>\n        <\/div>\n    <\/div>\n<\/div><\/section>\n\n<div id=\"header-block_481f9765a4f7783164f3a61a0ae49765\" class=\"header alignfull bg-dark-blue pt-28 pb-36 xl:py-36\">\n    <div class=\"container mx-auto\">\n        <div class=\"flex flex-col items-center text-center xl:text-left xl:flex-row\">\n            <h3 class=\"mb-14 leading-tight leading-2xl text-clamp-display !text-white md:w-[25ch] 2xl:md:w-[15ch] font-black xl:mb-0\">En prenant rendez-vous, vous ne vous engagez en rien. <\/h3>\n            <a class=\"text-white bg-orange font-bold px-[1.375rem] leading-normal py-3.5 flex justify-center items-center gap-2.5 rounded-2xl xl:ml-auto w-full max-w-[18.125rem]\" href=\"https:\/\/www.investisseurprive.com\/en\/contact\/\">\n                <span>Request a meeting<\/span>\n                <svg width=\"21\" height=\"22\" viewbox=\"0 0 21 22\" fill=\"none\" xmlns=\"http:\/\/www.w3.org\/2000\/svg\">\n                    <g id=\"system-uicons:arrow-up\">\n                        <path id=\"Vector\" d=\"M13.5 15L17.5 11M17.5 11L13.5 6.971M17.5 11L4.5 11\" stroke=\"white\" stroke-linecap=\"round\" stroke-linejoin=\"round\" \/>\n                    <\/g>\n                <\/svg>\n            <\/a>\n        <\/div>\n    <\/div>\n<\/div>","protected":false},"excerpt":{"rendered":"","protected":false},"author":2,"featured_media":0,"parent":0,"menu_order":0,"comment_status":"closed","ping_status":"closed","template":"","meta":{"footnotes":""},"class_list":["post-529","page","type-page","status-publish","hentry"],"acf":[],"_links":{"self":[{"href":"https:\/\/www.investisseurprive.com\/en\/wp-json\/wp\/v2\/pages\/529","targetHints":{"allow":["GET"]}}],"collection":[{"href":"https:\/\/www.investisseurprive.com\/en\/wp-json\/wp\/v2\/pages"}],"about":[{"href":"https:\/\/www.investisseurprive.com\/en\/wp-json\/wp\/v2\/types\/page"}],"author":[{"embeddable":true,"href":"https:\/\/www.investisseurprive.com\/en\/wp-json\/wp\/v2\/users\/2"}],"replies":[{"embeddable":true,"href":"https:\/\/www.investisseurprive.com\/en\/wp-json\/wp\/v2\/comments?post=529"}],"version-history":[{"count":0,"href":"https:\/\/www.investisseurprive.com\/en\/wp-json\/wp\/v2\/pages\/529\/revisions"}],"wp:attachment":[{"href":"https:\/\/www.investisseurprive.com\/en\/wp-json\/wp\/v2\/media?parent=529"}],"curies":[{"name":"wp","href":"https:\/\/api.w.org\/{rel}","templated":true}]}}